{"id":1029,"date":"2025-04-14T11:02:01","date_gmt":"2025-04-14T11:02:01","guid":{"rendered":"https:\/\/brincolinesmagicpalace.com\/inicio\/brincolin-zig-zag-2\/"},"modified":"2026-03-12T04:44:17","modified_gmt":"2026-03-12T04:44:17","slug":"brincolin-boogie-jump","status":"publish","type":"page","link":"https:\/\/brincolinesmagicpalace.com\/inicio\/brincolin-boogie-jump\/","title":{"rendered":"Brincolin-Boogie-Jump"},"content":{"rendered":"\t\t<div data-elementor-type=\"wp-page\" data-elementor-id=\"1029\" class=\"elementor elementor-1029\">\n\t\t\t\t\t\t<section class=\"elementor-section elementor-top-section elementor-element elementor-element-91f1977 animated-slow elementor-section-boxed elementor-section-height-default elementor-section-height-default elementor-invisible\" data-id=\"91f1977\" data-element_type=\"section\" data-e-type=\"section\" data-settings=\"{&quot;animation&quot;:&quot;fadeIn&quot;}\">\n\t\t\t\t\t\t<div class=\"elementor-container elementor-column-gap-default\">\n\t\t\t\t\t<div class=\"elementor-column elementor-col-50 elementor-top-column elementor-element elementor-element-e6e3d8b elementor-invisible\" data-id=\"e6e3d8b\" data-element_type=\"column\" data-e-type=\"column\" data-settings=\"{&quot;animation&quot;:&quot;slideInLeft&quot;}\">\n\t\t\t<div class=\"elementor-widget-wrap elementor-element-populated\">\n\t\t\t\t\t\t<div class=\"elementor-element elementor-element-8768516 elementor-pagination-position-inside elementor-arrows-position-inside elementor-widget elementor-widget-image-carousel\" data-id=\"8768516\" data-element_type=\"widget\" data-e-type=\"widget\" data-settings=\"{&quot;slides_to_show&quot;:&quot;1&quot;,&quot;navigation&quot;:&quot;both&quot;,&quot;autoplay&quot;:&quot;yes&quot;,&quot;pause_on_hover&quot;:&quot;yes&quot;,&quot;pause_on_interaction&quot;:&quot;yes&quot;,&quot;autoplay_speed&quot;:5000,&quot;infinite&quot;:&quot;yes&quot;,&quot;effect&quot;:&quot;slide&quot;,&quot;speed&quot;:500}\" data-widget_type=\"image-carousel.default\">\n\t\t\t\t\t\t\t<div class=\"elementor-image-carousel-wrapper swiper\" role=\"region\" aria-roledescription=\"carousel\" aria-label=\"Carrusel de im\u00e1genes\" dir=\"ltr\">\n\t\t\t<div class=\"elementor-image-carousel swiper-wrapper swiper-image-stretch\" aria-live=\"off\">\n\t\t\t\t\t\t\t\t<div class=\"swiper-slide\" role=\"group\" aria-roledescription=\"slide\" aria-label=\"1 de 3\"><figure class=\"swiper-slide-inner\"><img decoding=\"async\" class=\"swiper-slide-image\" src=\"https:\/\/brincolinesmagicpalace.com\/inicio\/wp-content\/uploads\/2026\/03\/brincolin_transparente.png\" alt=\"brincolin_transparente\" \/><\/figure><\/div><div class=\"swiper-slide\" role=\"group\" aria-roledescription=\"slide\" aria-label=\"2 de 3\"><figure class=\"swiper-slide-inner\"><img decoding=\"async\" class=\"swiper-slide-image\" src=\"https:\/\/brincolinesmagicpalace.com\/inicio\/wp-content\/uploads\/2026\/03\/ChatGPT-Image-7-mar-2026-18_04_49.png\" alt=\"ChatGPT Image 7 mar 2026, 18_04_49\" \/><\/figure><\/div><div class=\"swiper-slide\" role=\"group\" aria-roledescription=\"slide\" aria-label=\"3 de 3\"><figure class=\"swiper-slide-inner\"><img decoding=\"async\" class=\"swiper-slide-image\" src=\"https:\/\/brincolinesmagicpalace.com\/inicio\/wp-content\/uploads\/2026\/03\/ChatGPT-Image-7-mar-2026-18_13_25.png\" alt=\"ChatGPT Image 7 mar 2026, 18_13_25\" \/><\/figure><\/div>\t\t\t<\/div>\n\t\t\t\t\t\t\t\t\t\t\t\t<div class=\"elementor-swiper-button elementor-swiper-button-prev\" role=\"button\" tabindex=\"0\">\n\t\t\t\t\t\t<svg aria-hidden=\"true\" class=\"e-font-icon-svg e-eicon-chevron-left\" viewBox=\"0 0 1000 1000\" xmlns=\"http:\/\/www.w3.org\/2000\/svg\"><path d=\"M646 125C629 125 613 133 604 142L308 442C296 454 292 471 292 487 292 504 296 521 308 533L604 854C617 867 629 875 646 875 663 875 679 871 692 858 704 846 713 829 713 812 713 796 708 779 692 767L438 487 692 225C700 217 708 204 708 187 708 171 704 154 692 142 675 129 663 125 646 125Z\"><\/path><\/svg>\t\t\t\t\t<\/div>\n\t\t\t\t\t<div class=\"elementor-swiper-button elementor-swiper-button-next\" role=\"button\" tabindex=\"0\">\n\t\t\t\t\t\t<svg aria-hidden=\"true\" class=\"e-font-icon-svg e-eicon-chevron-right\" viewBox=\"0 0 1000 1000\" xmlns=\"http:\/\/www.w3.org\/2000\/svg\"><path d=\"M696 533C708 521 713 504 713 487 713 471 708 454 696 446L400 146C388 133 375 125 354 125 338 125 325 129 313 142 300 154 292 171 292 187 292 204 296 221 308 233L563 492 304 771C292 783 288 800 288 817 288 833 296 850 308 863 321 871 338 875 354 875 371 875 388 867 400 854L696 533Z\"><\/path><\/svg>\t\t\t\t\t<\/div>\n\t\t\t\t\n\t\t\t\t\t\t\t\t\t<div class=\"swiper-pagination\"><\/div>\n\t\t\t\t\t\t\t\t\t<\/div>\n\t\t\t\t\t\t<\/div>\n\t\t\t\t\t<\/div>\n\t\t<\/div>\n\t\t\t\t<div class=\"elementor-column elementor-col-50 elementor-top-column elementor-element elementor-element-9fc6df6 elementor-invisible\" data-id=\"9fc6df6\" data-element_type=\"column\" data-e-type=\"column\" data-settings=\"{&quot;animation&quot;:&quot;slideInRight&quot;}\">\n\t\t\t<div class=\"elementor-widget-wrap elementor-element-populated\">\n\t\t\t\t\t\t<div class=\"elementor-element elementor-element-4ec590f elementor-widget elementor-widget-heading\" data-id=\"4ec590f\" data-element_type=\"widget\" data-e-type=\"widget\" data-widget_type=\"heading.default\">\n\t\t\t\t\t<h2 class=\"elementor-heading-title elementor-size-default\">Boogie Jump<\/h2>\t\t\t\t<\/div>\n\t\t\t\t<div class=\"elementor-element elementor-element-f7622e8 elementor-widget elementor-widget-heading\" data-id=\"f7622e8\" data-element_type=\"widget\" data-e-type=\"widget\" data-widget_type=\"heading.default\">\n\t\t\t\t\t<h3 class=\"elementor-heading-title elementor-size-default\">$2,000<\/h3>\t\t\t\t<\/div>\n\t\t\t\t<div class=\"elementor-element elementor-element-58c1244 elementor-widget elementor-widget-text-editor\" data-id=\"58c1244\" data-element_type=\"widget\" data-e-type=\"widget\" data-widget_type=\"text-editor.default\">\n\t\t\t\t\t\t\t\t\t<p data-start=\"1067\" data-end=\"1147\"><img decoding=\"async\" class=\"emoji\" role=\"img\" draggable=\"false\" src=\"https:\/\/s.w.org\/images\/core\/emoji\/17.0.2\/svg\/1f4d0.svg\" alt=\"\ud83d\udcd0\" \/><strong data-start=\"1067\" data-end=\"1082\">Dimensiones<\/strong><br \/>Largo: <strong data-start=\"1090\" data-end=\"1102\">10 metros<\/strong><br data-start=\"1102\" data-end=\"1105\" \/>Ancho: <strong data-start=\"1112\" data-end=\"1124\">3.7 metros<\/strong><br data-start=\"1124\" data-end=\"1127\" \/>Alto:\u00a0<strong data-start=\"1133\" data-end=\"1147\">3.7 metros<\/strong><\/p><p data-start=\"1149\" data-end=\"1197\"><strong data-start=\"1149\" data-end=\"1162\"><img decoding=\"async\" class=\"emoji\" role=\"img\" draggable=\"false\" src=\"https:\/\/s.w.org\/images\/core\/emoji\/17.0.2\/svg\/1f9d2.svg\" alt=\"\ud83e\uddd2\" \/>Capacidad<\/strong><br \/>Hasta <strong data-start=\"1169\" data-end=\"1197\">15 ni\u00f1os al mismo tiempo<\/strong><\/p><p data-start=\"1199\" data-end=\"1247\"><strong data-start=\"1199\" data-end=\"1219\"><img decoding=\"async\" class=\"emoji\" role=\"img\" draggable=\"false\" src=\"https:\/\/s.w.org\/images\/core\/emoji\/17.0.2\/svg\/1f9f8.svg\" alt=\"\ud83e\uddf8\" \/>Edad recomendada<\/strong><br \/>Ni\u00f1os\u00a0<strong data-start=\"1226\" data-end=\"1247\">mayores de 5 a\u00f1os<\/strong><\/p><p data-start=\"1249\" data-end=\"1296\"><strong data-start=\"1249\" data-end=\"1258\"><img decoding=\"async\" class=\"emoji\" role=\"img\" draggable=\"false\" src=\"https:\/\/s.w.org\/images\/core\/emoji\/17.0.2\/svg\/26a1.svg\" alt=\"\u26a1\" \/>Motor<\/strong><br \/>Funciona con\u00a0<strong data-start=\"1272\" data-end=\"1296\">1 soplador el\u00e9ctrico<\/strong><\/p>\t\t\t\t\t\t\t\t<\/div>\n\t\t\t\t<div class=\"elementor-element elementor-element-6b3c8dc elementor-tablet-align-center btn-retorno elementor-widget elementor-widget-button\" data-id=\"6b3c8dc\" data-element_type=\"widget\" data-e-type=\"widget\" data-widget_type=\"button.default\">\n\t\t\t\t\t\t\t\t\t\t<a class=\"elementor-button elementor-button-link elementor-size-sm\" href=\"#\">\n\t\t\t\t\t\t<span class=\"elementor-button-content-wrapper\">\n\t\t\t\t\t\t\t\t\t<span class=\"elementor-button-text\">Regresar<\/span>\n\t\t\t\t\t<\/span>\n\t\t\t\t\t<\/a>\n\t\t\t\t\t\t\t\t<\/div>\n\t\t\t\t<div class=\"elementor-element elementor-element-cf9e223 elementor-widget elementor-widget-html\" data-id=\"cf9e223\" data-element_type=\"widget\" data-e-type=\"widget\" data-widget_type=\"html.default\">\n\t\t\t\t\t<script>\ndocument.addEventListener('click', function(e) {\n    \/\/ Buscamos si el clic fue en el bot\u00f3n con la clase 'btn-retorno'\n    const link = e.target.closest('.btn-retorno');\n    \n    if (link) {\n        e.preventDefault(); \n        e.stopPropagation(); \/\/ Evita que otros scripts interfieran\n\n        \/\/ Intento 1: Retroceder en el historial\n        if (window.history.length > 1) {\n            window.history.go(-1);\n        } else {\n            \/\/ Intento 2: Si falla el historial, usamos el referrer de JS\n            const anterior = document.referrer;\n            if (anterior && anterior.includes(window.location.hostname)) {\n                window.location.href = anterior;\n            } else {\n                \/\/ Si no hay de otra, al cat\u00e1logo (que es lo m\u00e1s \u00fatil)\n                window.location.href = 'https:\/\/brincolinesmagicpalace.com\/inicio\/catalogo\/';\n            }\n        }\n    }\n}, true); \/\/ El 'true' ayuda a capturar el clic antes que Elementor\n<\/script>\t\t\t\t<\/div>\n\t\t\t\t\t<\/div>\n\t\t<\/div>\n\t\t\t\t\t<\/div>\n\t\t<\/section>\n\t\t<div class=\"elementor-element elementor-element-3dbab9cf e-flex e-con-boxed e-con e-parent\" data-id=\"3dbab9cf\" data-element_type=\"container\" data-e-type=\"container\">\n\t\t\t\t\t<div class=\"e-con-inner\">\n\t\t\t\t<div class=\"elementor-element elementor-element-15bedf70 elementor-widget elementor-widget-heading\" data-id=\"15bedf70\" data-element_type=\"widget\" data-e-type=\"widget\" data-widget_type=\"heading.default\">\n\t\t\t\t\t<h2 class=\"elementor-heading-title elementor-size-default\">\u00a1Sigue la diversi\u00f3n! <br>Tambi\u00e9n te podr\u00eda interesar:<\/h2>\t\t\t\t<\/div>\n\t\t\t\t\t<\/div>\n\t\t\t\t<\/div>\n\t\t<div class=\"elementor-element elementor-element-59696a e-grid e-con-boxed elementor-invisible e-con e-parent\" data-id=\"59696a\" data-element_type=\"container\" data-e-type=\"container\" data-settings=\"{&quot;background_background&quot;:&quot;classic&quot;,&quot;animation&quot;:&quot;bounceIn&quot;}\">\n\t\t\t\t\t<div class=\"e-con-inner\">\n\t\t<div class=\"elementor-element elementor-element-3cb58173 e-flex e-con-boxed elementor-invisible e-con e-child\" data-id=\"3cb58173\" data-element_type=\"container\" data-e-type=\"container\" data-settings=\"{&quot;background_background&quot;:&quot;classic&quot;,&quot;animation&quot;:&quot;bounceInUp&quot;}\">\n\t\t\t\t\t<div class=\"e-con-inner\">\n\t\t\t\t<div class=\"elementor-element elementor-element-51a60a1f elementor-widget elementor-widget-image\" data-id=\"51a60a1f\" data-element_type=\"widget\" data-e-type=\"widget\" data-widget_type=\"image.default\">\n\t\t\t\t\t\t\t\t\t\t\t\t\t\t\t\t<a href=\"https:\/\/brincolinesmagicpalace.com\/inicio\/brincolin-zig-zag\/\">\n\t\t\t\t\t\t\t<img fetchpriority=\"high\" decoding=\"async\" width=\"1024\" height=\"683\" src=\"https:\/\/brincolinesmagicpalace.com\/inicio\/wp-content\/uploads\/2026\/03\/ChatGPT-Image-3-mar-2026-18_59_24-1024x683.png\" class=\"attachment-large size-large wp-image-1166\" alt=\"\" srcset=\"https:\/\/brincolinesmagicpalace.com\/inicio\/wp-content\/uploads\/2026\/03\/ChatGPT-Image-3-mar-2026-18_59_24-1024x683.png 1024w, https:\/\/brincolinesmagicpalace.com\/inicio\/wp-content\/uploads\/2026\/03\/ChatGPT-Image-3-mar-2026-18_59_24-300x200.png 300w, https:\/\/brincolinesmagicpalace.com\/inicio\/wp-content\/uploads\/2026\/03\/ChatGPT-Image-3-mar-2026-18_59_24-768x512.png 768w, https:\/\/brincolinesmagicpalace.com\/inicio\/wp-content\/uploads\/2026\/03\/ChatGPT-Image-3-mar-2026-18_59_24.png 1536w\" sizes=\"(max-width: 1024px) 100vw, 1024px\" \/>\t\t\t\t\t\t\t\t<\/a>\n\t\t\t\t\t\t\t\t\t\t\t\t\t\t\t<\/div>\n\t\t\t\t<div class=\"elementor-element elementor-element-7eb7aa1 elementor-widget elementor-widget-text-editor\" data-id=\"7eb7aa1\" data-element_type=\"widget\" data-e-type=\"widget\" data-widget_type=\"text-editor.default\">\n\t\t\t\t\t\t\t\t\t<h3 class=\"elementor-heading-title elementor-size-default\">ZIG ZAG<\/h3>\t\t\t\t\t\t\t\t<\/div>\n\t\t\t\t\t<\/div>\n\t\t\t\t<\/div>\n\t\t<div class=\"elementor-element elementor-element-38d065fa animated-slow e-flex e-con-boxed elementor-invisible e-con e-child\" data-id=\"38d065fa\" data-element_type=\"container\" data-e-type=\"container\" data-settings=\"{&quot;background_background&quot;:&quot;classic&quot;,&quot;animation&quot;:&quot;bounceInUp&quot;,&quot;animation_delay&quot;:100}\">\n\t\t\t\t\t<div class=\"e-con-inner\">\n\t\t\t\t<div class=\"elementor-element elementor-element-4b68c06d elementor-widget elementor-widget-image\" data-id=\"4b68c06d\" data-element_type=\"widget\" data-e-type=\"widget\" data-widget_type=\"image.default\">\n\t\t\t\t\t\t\t\t\t\t\t\t\t\t\t\t<a href=\"https:\/\/brincolinesmagicpalace.com\/inicio\/brincolin-Tiara-Slide\/\">\n\t\t\t\t\t\t\t<img decoding=\"async\" width=\"1024\" height=\"683\" src=\"https:\/\/brincolinesmagicpalace.com\/inicio\/wp-content\/uploads\/2026\/03\/ChatGPT-Image-3-mar-2026-21_20_25-1024x683.png\" class=\"attachment-large size-large wp-image-784\" alt=\"\" srcset=\"https:\/\/brincolinesmagicpalace.com\/inicio\/wp-content\/uploads\/2026\/03\/ChatGPT-Image-3-mar-2026-21_20_25-1024x683.png 1024w, https:\/\/brincolinesmagicpalace.com\/inicio\/wp-content\/uploads\/2026\/03\/ChatGPT-Image-3-mar-2026-21_20_25-300x200.png 300w, https:\/\/brincolinesmagicpalace.com\/inicio\/wp-content\/uploads\/2026\/03\/ChatGPT-Image-3-mar-2026-21_20_25-768x512.png 768w, https:\/\/brincolinesmagicpalace.com\/inicio\/wp-content\/uploads\/2026\/03\/ChatGPT-Image-3-mar-2026-21_20_25.png 1536w\" sizes=\"(max-width: 1024px) 100vw, 1024px\" \/>\t\t\t\t\t\t\t\t<\/a>\n\t\t\t\t\t\t\t\t\t\t\t\t\t\t\t<\/div>\n\t\t\t\t<div class=\"elementor-element elementor-element-5130c854 elementor-widget elementor-widget-text-editor\" data-id=\"5130c854\" data-element_type=\"widget\" data-e-type=\"widget\" data-widget_type=\"text-editor.default\">\n\t\t\t\t\t\t\t\t\t<h3 class=\"elementor-heading-title elementor-size-default\">TIARA SLIDE<\/h3>\t\t\t\t\t\t\t\t<\/div>\n\t\t\t\t\t<\/div>\n\t\t\t\t<\/div>\n\t\t<div class=\"elementor-element elementor-element-57a8dec6 animated-slow e-flex e-con-boxed elementor-invisible e-con e-child\" data-id=\"57a8dec6\" data-element_type=\"container\" data-e-type=\"container\" data-settings=\"{&quot;background_background&quot;:&quot;classic&quot;,&quot;animation&quot;:&quot;bounceInUp&quot;,&quot;animation_delay&quot;:200}\">\n\t\t\t\t\t<div class=\"e-con-inner\">\n\t\t\t\t<div class=\"elementor-element elementor-element-566175 elementor-widget elementor-widget-image\" data-id=\"566175\" data-element_type=\"widget\" data-e-type=\"widget\" data-widget_type=\"image.default\">\n\t\t\t\t\t\t\t\t\t\t\t\t\t\t\t\t<a href=\"https:\/\/brincolinesmagicpalace.com\/inicio\/brincolin-Circus-Jump\/\">\n\t\t\t\t\t\t\t<img decoding=\"async\" width=\"1024\" height=\"683\" src=\"https:\/\/brincolinesmagicpalace.com\/inicio\/wp-content\/uploads\/2026\/03\/ChatGPT-Image-3-mar-2026-21_02_37-1024x683.png\" class=\"attachment-large size-large wp-image-781\" alt=\"\" srcset=\"https:\/\/brincolinesmagicpalace.com\/inicio\/wp-content\/uploads\/2026\/03\/ChatGPT-Image-3-mar-2026-21_02_37-1024x683.png 1024w, https:\/\/brincolinesmagicpalace.com\/inicio\/wp-content\/uploads\/2026\/03\/ChatGPT-Image-3-mar-2026-21_02_37-300x200.png 300w, https:\/\/brincolinesmagicpalace.com\/inicio\/wp-content\/uploads\/2026\/03\/ChatGPT-Image-3-mar-2026-21_02_37-768x512.png 768w, https:\/\/brincolinesmagicpalace.com\/inicio\/wp-content\/uploads\/2026\/03\/ChatGPT-Image-3-mar-2026-21_02_37.png 1536w\" sizes=\"(max-width: 1024px) 100vw, 1024px\" \/>\t\t\t\t\t\t\t\t<\/a>\n\t\t\t\t\t\t\t\t\t\t\t\t\t\t\t<\/div>\n\t\t\t\t<div class=\"elementor-element elementor-element-6a6a7f79 elementor-widget elementor-widget-text-editor\" data-id=\"6a6a7f79\" data-element_type=\"widget\" data-e-type=\"widget\" data-widget_type=\"text-editor.default\">\n\t\t\t\t\t\t\t\t\t<h3 class=\"elementor-heading-title elementor-size-default\">CIRCUS JUMP<\/h3>\t\t\t\t\t\t\t\t<\/div>\n\t\t\t\t\t<\/div>\n\t\t\t\t<\/div>\n\t\t<div class=\"elementor-element elementor-element-68619427 animated-slow e-flex e-con-boxed elementor-invisible e-con e-child\" data-id=\"68619427\" data-element_type=\"container\" data-e-type=\"container\" data-settings=\"{&quot;background_background&quot;:&quot;classic&quot;,&quot;animation&quot;:&quot;bounceInUp&quot;,&quot;animation_delay&quot;:300}\">\n\t\t\t\t\t<div class=\"e-con-inner\">\n\t\t\t\t<div class=\"elementor-element elementor-element-49be254f elementor-widget elementor-widget-image\" data-id=\"49be254f\" data-element_type=\"widget\" data-e-type=\"widget\" data-widget_type=\"image.default\">\n\t\t\t\t\t\t\t\t\t\t\t\t\t\t\t\t<a href=\"https:\/\/brincolinesmagicpalace.com\/inicio\/brincolin-Water-Mix\/\">\n\t\t\t\t\t\t\t<img loading=\"lazy\" decoding=\"async\" width=\"1024\" height=\"683\" src=\"https:\/\/brincolinesmagicpalace.com\/inicio\/wp-content\/uploads\/2026\/03\/ChatGPT-Image-3-mar-2026-21_37_04-1024x683.png\" class=\"attachment-large size-large wp-image-791\" alt=\"\" srcset=\"https:\/\/brincolinesmagicpalace.com\/inicio\/wp-content\/uploads\/2026\/03\/ChatGPT-Image-3-mar-2026-21_37_04-1024x683.png 1024w, https:\/\/brincolinesmagicpalace.com\/inicio\/wp-content\/uploads\/2026\/03\/ChatGPT-Image-3-mar-2026-21_37_04-300x200.png 300w, https:\/\/brincolinesmagicpalace.com\/inicio\/wp-content\/uploads\/2026\/03\/ChatGPT-Image-3-mar-2026-21_37_04-768x512.png 768w, https:\/\/brincolinesmagicpalace.com\/inicio\/wp-content\/uploads\/2026\/03\/ChatGPT-Image-3-mar-2026-21_37_04.png 1536w\" sizes=\"(max-width: 1024px) 100vw, 1024px\" \/>\t\t\t\t\t\t\t\t<\/a>\n\t\t\t\t\t\t\t\t\t\t\t\t\t\t\t<\/div>\n\t\t\t\t<div class=\"elementor-element elementor-element-1f4ee9e3 elementor-widget elementor-widget-text-editor\" data-id=\"1f4ee9e3\" data-element_type=\"widget\" data-e-type=\"widget\" data-widget_type=\"text-editor.default\">\n\t\t\t\t\t\t\t\t\t<h3 class=\"elementor-heading-title elementor-size-default\">WATER MIX<\/h3>\t\t\t\t\t\t\t\t<\/div>\n\t\t\t\t\t<\/div>\n\t\t\t\t<\/div>\n\t\t\t\t\t<\/div>\n\t\t\t\t<\/div>\n\t\t\t\t<\/div>\n\t\t","protected":false},"excerpt":{"rendered":"<p>Boogie Jump $2,000 DimensionesLargo: 10 metrosAncho: 3.7 metrosAlto:\u00a03.7 metros CapacidadHasta 15 ni\u00f1os al mismo tiempo Edad recomendadaNi\u00f1os\u00a0mayores de 5 a\u00f1os MotorFunciona con\u00a01 soplador el\u00e9ctrico Regresar \u00a1Sigue la diversi\u00f3n! Tambi\u00e9n te podr\u00eda interesar: ZIG ZAG TIARA SLIDE CIRCUS JUMP WATER MIX<\/p>\n","protected":false},"author":1,"featured_media":237,"parent":0,"menu_order":0,"comment_status":"closed","ping_status":"closed","template":"","meta":{"_kad_post_transparent":"","_kad_post_title":"","_kad_post_layout":"","_kad_post_sidebar_id":"","_kad_post_content_style":"","_kad_post_vertical_padding":"","_kad_post_feature":"","_kad_post_feature_position":"","_kad_post_header":false,"_kad_post_footer":false,"footnotes":""},"class_list":["post-1029","page","type-page","status-publish","has-post-thumbnail","hentry"],"_links":{"self":[{"href":"https:\/\/brincolinesmagicpalace.com\/inicio\/wp-json\/wp\/v2\/pages\/1029","targetHints":{"allow":["GET"]}}],"collection":[{"href":"https:\/\/brincolinesmagicpalace.com\/inicio\/wp-json\/wp\/v2\/pages"}],"about":[{"href":"https:\/\/brincolinesmagicpalace.com\/inicio\/wp-json\/wp\/v2\/types\/page"}],"author":[{"embeddable":true,"href":"https:\/\/brincolinesmagicpalace.com\/inicio\/wp-json\/wp\/v2\/users\/1"}],"replies":[{"embeddable":true,"href":"https:\/\/brincolinesmagicpalace.com\/inicio\/wp-json\/wp\/v2\/comments?post=1029"}],"version-history":[{"count":43,"href":"https:\/\/brincolinesmagicpalace.com\/inicio\/wp-json\/wp\/v2\/pages\/1029\/revisions"}],"predecessor-version":[{"id":1882,"href":"https:\/\/brincolinesmagicpalace.com\/inicio\/wp-json\/wp\/v2\/pages\/1029\/revisions\/1882"}],"wp:featuredmedia":[{"embeddable":true,"href":"https:\/\/brincolinesmagicpalace.com\/inicio\/wp-json\/wp\/v2\/media\/237"}],"wp:attachment":[{"href":"https:\/\/brincolinesmagicpalace.com\/inicio\/wp-json\/wp\/v2\/media?parent=1029"}],"curies":[{"name":"wp","href":"https:\/\/api.w.org\/{rel}","templated":true}]}}